{"id":123,"date":"2025-07-23T07:29:16","date_gmt":"2025-07-23T07:29:16","guid":{"rendered":"https:\/\/wir-sind-kurt.ch\/?page_id=123"},"modified":"2026-03-04T09:13:57","modified_gmt":"2026-03-04T09:13:57","slug":"standort","status":"publish","type":"page","link":"https:\/\/wir-sind-kurt.ch\/?page_id=123","title":{"rendered":"Standort"},"content":{"rendered":"<p>[et_pb_section fb_built=&#8220;1&#8243; disabled_on=&#8220;on|on|off&#8220; admin_label=&#8220;Wir Sind KURT &#8211; Monitor&#8220; _builder_version=&#8220;4.27.4&#8243; background_color=&#8220;RGBA(255,255,255,0)&#8220; background_enable_image=&#8220;off&#8220; custom_margin=&#8220;|||&#8220; custom_padding=&#8220;0px|0px|0px|0px|false|false&#8220; global_colors_info=&#8220;{}&#8220;][et_pb_row make_equal=&#8220;on&#8220; _builder_version=&#8220;4.27.5&#8243; background_color=&#8220;#ffffff&#8220; background_image=&#8220;https:\/\/wir-sind-kurt.ch\/wp-content\/uploads\/2026\/02\/DJI_20250917153926_0033_D-scaled.jpg&#8220; width=&#8220;95%&#8220; max_width=&#8220;2560px&#8220; max_width_tablet=&#8220;2560px&#8220; max_width_phone=&#8220;2560px&#8220; max_width_last_edited=&#8220;on|tablet&#8220; module_alignment=&#8220;center&#8220; min_height=&#8220;1000px&#8220; custom_margin=&#8220;|||&#8220; custom_padding=&#8220;||0px||false|false&#8220; custom_css_main_element=&#8220;.content-vertical-align-bottom {  ||10  display: flex;  ||11  flex-direction: column;  ||12  justify-content: flex-end; ||13}&#8220; box_shadow_style=&#8220;preset3&#8243; box_shadow_vertical=&#8220;15px&#8220; box_shadow_blur=&#8220;80px&#8220; box_shadow_color=&#8220;rgba(0,0,0,0.15)&#8220; use_custom_width=&#8220;on&#8220; custom_width_px=&#8220;1440px&#8220; global_colors_info=&#8220;{}&#8220;][et_pb_column type=&#8220;4_4&#8243; module_class=&#8220;content-vertical-align-bottom&#8220; _builder_version=&#8220;4.27.4&#8243; custom_padding=&#8220;|||&#8220; global_colors_info=&#8220;{}&#8220; custom_padding__hover=&#8220;|||&#8220;][et_pb_text module_class=&#8220;responsive-h1, responsive-h2&#8243; _builder_version=&#8220;4.27.4&#8243; text_font=&#8220;Poppins||||||||&#8220; text_letter_spacing=&#8220;1px&#8220; text_line_height=&#8220;2em&#8220; header_font=&#8220;Poppins|700|||||||&#8220; header_text_color=&#8220;gcid-primary-color&#8220; header_font_size=&#8220;64px&#8220; header_line_height=&#8220;1.4em&#8220; header_2_font=&#8220;Poppins|700|||||||&#8220; header_2_text_color=&#8220;gcid-6815eee4-7da0-4c13-88a0-4bff0343602e&#8220; header_2_font_size=&#8220;30px&#8220; header_3_font=&#8220;Poppins|600||on|||||&#8220; header_3_text_color=&#8220;gcid-body-color&#8220; header_3_line_height=&#8220;1.4em&#8220; background_color=&#8220;#ffffff&#8220; width=&#8220;40%&#8220; module_alignment=&#8220;left&#8220; custom_margin=&#8220;||||false|false&#8220; custom_padding=&#8220;3%|3%|3%|3%|true|true&#8220; custom_padding_tablet=&#8220;30px|30px|30px|30px|true|true&#8220; custom_padding_phone=&#8220;20px|20px|20px|20px|true|true&#8220; custom_padding_last_edited=&#8220;on|phone&#8220; custom_css_free_form=&#8220;selector {||  position: absolute;||  bottom: 0px;||  left: 0px;||||}||||&#8220; border_color_all=&#8220;rgba(51,51,51,0.06)&#8220; border_width_right=&#8220;1px&#8220; border_width_left=&#8220;1px&#8220; locked=&#8220;off&#8220; global_colors_info=&#8220;{%22gcid-body-color%22:%91%22header_3_text_color%22%93,%22gcid-primary-color%22:%91%22header_text_color%22%93,%22gcid-6815eee4-7da0-4c13-88a0-4bff0343602e%22:%91%22header_2_text_color%22%93}&#8220;]<\/p>\n<h1 style=\"text-align: center;\">ST. GALLEN<\/h1>\n<h2 style=\"text-align: center;\">Mitten im Dreil\u00e4ndereck und Wirtschaftsstandort Ostschweiz<\/h2>\n<p>[\/et_pb_text][\/et_pb_column][\/et_pb_row][\/et_pb_section][et_pb_section fb_built=&#8220;1&#8243; _builder_version=&#8220;4.27.5&#8243; _module_preset=&#8220;default&#8220; global_colors_info=&#8220;{}&#8220;][et_pb_row _builder_version=&#8220;4.27.5&#8243; _module_preset=&#8220;default&#8220; global_colors_info=&#8220;{}&#8220;][et_pb_column type=&#8220;4_4&#8243; _builder_version=&#8220;4.27.5&#8243; _module_preset=&#8220;default&#8220; global_colors_info=&#8220;{}&#8220;][et_pb_text admin_label=&#8220;ARBEITEN, NETZWERKENM AUFATMEN&#8220; module_class=&#8220;responsive-text&#8220; _builder_version=&#8220;4.27.5&#8243; text_font=&#8220;Poppins|300|||||||&#8220; text_text_color=&#8220;gcid-6815eee4-7da0-4c13-88a0-4bff0343602e&#8220; text_letter_spacing=&#8220;1px&#8220; text_line_height=&#8220;1.4em&#8220; header_font=&#8220;Poppins|700|||||||&#8220; header_text_color=&#8220;#69ab19&#8243; header_font_size=&#8220;64px&#8220; header_line_height=&#8220;1.4em&#8220; header_2_font=&#8220;|600|||||||&#8220; header_2_text_color=&#8220;gcid-6815eee4-7da0-4c13-88a0-4bff0343602e&#8220; header_2_font_size=&#8220;30px&#8220; header_3_font=&#8220;Poppins|600||on|||||&#8220; header_3_text_color=&#8220;#676766&#8243; header_3_line_height=&#8220;1.4em&#8220; text_orientation=&#8220;left&#8220; locked=&#8220;off&#8220; global_colors_info=&#8220;{%22gcid-body-color%22:%91%22header_3_text_color%22%93,%22gcid-6815eee4-7da0-4c13-88a0-4bff0343602e%22:%91%22text_text_color%22,%22header_2_text_color%22%93}&#8220;]<\/p>\n<p>&nbsp;<\/p>\n<p>In Dreil\u00e4ndereck Deutschland \u2013 \u00d6sterreich \u2013 Schweiz \u2013 liegt die Stadt St. Gallen. Sie gilt mit seinen knapp 80&#8217;0000 Einwohner:innen als <strong>Wirtschaftsmetropole der Ostschweiz<\/strong>. Die ausgezeichnete Infrastruktur, das breite Bildungs-, Kultur- und Freizeitangebot und vor allem das grossartige Arbeitsplatz-Angebot im Dienstleistungs- wie auch industriellen Sektor spricht eine klare Sprache.<\/p>\n<p>[\/et_pb_text][\/et_pb_column][\/et_pb_row][\/et_pb_section][et_pb_section fb_built=&#8220;1&#8243; admin_label=&#8220;CTA Section&#8220; _builder_version=&#8220;4.27.5&#8243; background_color=&#8220;gcid-secondary-color&#8220; width=&#8220;95%&#8220; module_alignment=&#8220;center&#8220; custom_padding=&#8220;1%||1%||true|false&#8220; global_colors_info=&#8220;{%22gcid-secondary-color%22:%91%22background_color%22%93}&#8220;][et_pb_row column_structure=&#8220;1_2,1_2&#8243; make_equal=&#8220;on&#8220; admin_label=&#8220;Process Row&#8220; _builder_version=&#8220;4.27.5&#8243; custom_padding=&#8220;0px||0px||false|false&#8220; global_colors_info=&#8220;{}&#8220;][et_pb_column type=&#8220;1_2&#8243; _builder_version=&#8220;4.27.5&#8243; background_color=&#8220;RGBA(255,255,255,0)&#8220; custom_padding=&#8220;|||&#8220; global_colors_info=&#8220;{%22gcid-primary-color%22:%91%22background_color%22%93}&#8220; custom_padding__hover=&#8220;|||&#8220;][et_pb_cta button_url=&#8220;#top&#8220; _builder_version=&#8220;4.27.5&#8243; body_text_color=&#8220;gcid-6815eee4-7da0-4c13-88a0-4bff0343602e&#8220; background_color=&#8220;RGBA(255,255,255,0)&#8220; text_orientation_tablet=&#8220;&#8220; text_orientation_phone=&#8220;left&#8220; text_orientation_last_edited=&#8220;on|phone&#8220; button_border_radius_hover=&#8220;0px&#8220; global_colors_info=&#8220;{%22gcid-1314cf39-a126-4f24-a49c-a4fff3a9a2f8%22:%91%22header_text_color%22%93,%22gcid-6815eee4-7da0-4c13-88a0-4bff0343602e%22:%91%22body_text_color%22%93}&#8220; button_one_text_size__hover_enabled=&#8220;off&#8220; button_two_text_size__hover_enabled=&#8220;off&#8220; button_one_text_color__hover_enabled=&#8220;off&#8220; button_two_text_color__hover_enabled=&#8220;off&#8220; button_one_border_width__hover_enabled=&#8220;off&#8220; button_two_border_width__hover_enabled=&#8220;off&#8220; button_one_border_color__hover_enabled=&#8220;off&#8220; button_two_border_color__hover_enabled=&#8220;off&#8220; button_one_border_radius__hover_enabled=&#8220;off&#8220; button_two_border_radius__hover_enabled=&#8220;off&#8220; button_one_letter_spacing__hover_enabled=&#8220;off&#8220; button_two_letter_spacing__hover_enabled=&#8220;off&#8220; button_one_bg_color__hover_enabled=&#8220;off&#8220; button_two_bg_color__hover_enabled=&#8220;off&#8220;]<\/p>\n<p><strong>St. Gallen &#8211; West<\/strong><\/p>\n<p>Das <strong>pulsierende Wirtschaftsgebiet<\/strong> <strong>St. Gallen West<\/strong> liegt <strong>verkehrstechnisch<\/strong> an <strong>herausragender Lage<\/strong>, und zwar f\u00fcr den motorisierten wie auch \u00f6ffentlichen Verkehr. Der direkte Autobahnanschluss A1, die eng getakteten Bushaltestellen und der IC-Bahnhof St. Gallen-Winkeln, befinden sich quasi vor der Haust\u00fcre. <strong>Und mittendrin steht KURT<\/strong>.<\/p>\n<p>[\/et_pb_cta][\/et_pb_column][et_pb_column type=&#8220;1_2&#8243; _builder_version=&#8220;4.27.5&#8243; background_color=&#8220;RGBA(255,255,255,0)&#8220; custom_padding=&#8220;|||&#8220; global_colors_info=&#8220;{}&#8220; custom_padding__hover=&#8220;|||&#8220;][et_pb_cta button_url=&#8220;#top&#8220; _builder_version=&#8220;4.27.5&#8243; body_text_color=&#8220;gcid-6815eee4-7da0-4c13-88a0-4bff0343602e&#8220; background_color=&#8220;RGBA(255,255,255,0)&#8220; text_orientation_tablet=&#8220;&#8220; text_orientation_phone=&#8220;left&#8220; text_orientation_last_edited=&#8220;on|phone&#8220; button_border_radius_hover=&#8220;0px&#8220; global_colors_info=&#8220;{%22gcid-6815eee4-7da0-4c13-88a0-4bff0343602e%22:%91%22body_text_color%22%93}&#8220; button_one_text_size__hover_enabled=&#8220;off&#8220; button_two_text_size__hover_enabled=&#8220;off&#8220; button_one_text_color__hover_enabled=&#8220;off&#8220; button_two_text_color__hover_enabled=&#8220;off&#8220; button_one_border_width__hover_enabled=&#8220;off&#8220; button_two_border_width__hover_enabled=&#8220;off&#8220; button_one_border_color__hover_enabled=&#8220;off&#8220; button_two_border_color__hover_enabled=&#8220;off&#8220; button_one_border_radius__hover_enabled=&#8220;off&#8220; button_two_border_radius__hover_enabled=&#8220;off&#8220; button_one_letter_spacing__hover_enabled=&#8220;off&#8220; button_two_letter_spacing__hover_enabled=&#8220;off&#8220; button_one_bg_color__hover_enabled=&#8220;off&#8220; button_two_bg_color__hover_enabled=&#8220;off&#8220;]<\/p>\n<p>Das <strong>Ensemble KURT 12 und KURT 13<\/strong> wird an diesem verkehrstechnisch top gelegenen Standort <strong>von ungeahnten Gr\u00fcnfl\u00e4chen umschmiegt<\/strong>. Eigent\u00fcmerin und Architekten haben die positive Resonanz von Gr\u00fcnzonen wie auch von Fernsicht auf ihre Nutzer erkannt und f\u00fcr ihre Mieter ebensolche <strong>Wellness-Zonen <\/strong>erschaffen. Zur Lounge auf der Dachterrasse, ist eine Parkanlage realisiert worden, die s\u00e4mtliche Register aus der Resonanz zieht. <strong>Und mittendrin steht KURT<\/strong>.<\/p>\n<p>[\/et_pb_cta][\/et_pb_column][\/et_pb_row][\/et_pb_section][et_pb_section fb_built=&#8220;1&#8243; admin_label=&#8220;Blog Section&#8220; _builder_version=&#8220;4.27.5&#8243; background_color=&#8220;#FFFFFF&#8220; background_position=&#8220;top_center&#8220; width=&#8220;95%&#8220; module_alignment=&#8220;center&#8220; custom_padding=&#8220;100px|0px|100px|0px&#8220; global_colors_info=&#8220;{}&#8220;][et_pb_row admin_label=&#8220;Title Row&#8220; _builder_version=&#8220;4.16&#8243; global_colors_info=&#8220;{}&#8220;][et_pb_column type=&#8220;4_4&#8243; _builder_version=&#8220;4.16&#8243; custom_padding=&#8220;|||&#8220; global_colors_info=&#8220;{}&#8220; custom_padding__hover=&#8220;|||&#8220;][et_pb_text admin_label=&#8220;Title &#038; Paragraph&#8220; _builder_version=&#8220;4.27.5&#8243; text_font=&#8220;||||||||&#8220; header_2_text_color=&#8220;gcid-primary-color&#8220; global_colors_info=&#8220;{%22gcid-primary-color%22:%91%22header_2_text_color%22%93}&#8220;]<\/p>\n<h2><strong>St. Gallen &#8211; West pulsiert!<\/strong><\/h2>\n<p>Shopping Arena mit Fussball-Stadion, S\u00e4ntispark und Cinedome sind \u00fcberregional bekannt. <strong>Die florierende Nachbarschaft<\/strong> aus Industrie, Wirtschaft und Handel wird mit der starken Standortf\u00f6rderung <span style=\"color: #750206;\"><a href=\"https:\/\/asgo.ch\/\" style=\"color: #750206;\">Verein Areal St.Gallen West \u2013 Gossau Ost<\/a> <\/span>weiter anwachsen. So werden sich auch die <strong>Synergien <\/strong>untereinander verst\u00e4rken, die auch die <strong>Hotels <\/strong>in der n\u00e4chsten Umgebung betreffen. Und <strong>mittendrin steht KURT!<\/strong><\/p>\n<p>[\/et_pb_text][et_pb_image src=&#8220;https:\/\/wir-sind-kurt.ch\/wp-content\/uploads\/2025\/07\/StandortKurt.jpg&#8220; title_text=&#8220;StandortKurt&#8220; align=&#8220;center&#8220; _builder_version=&#8220;4.27.4&#8243; _module_preset=&#8220;default&#8220; global_colors_info=&#8220;{}&#8220;][\/et_pb_image][\/et_pb_column][\/et_pb_row][\/et_pb_section][et_pb_section fb_built=&#8220;1&#8243; admin_label=&#8220;Subscription Section&#8220; _builder_version=&#8220;4.27.5&#8243; background_image=&#8220;https:\/\/wir-sind-kurt.ch\/wp-content\/uploads\/2026\/03\/manuela_kontakt_bordeaux.jpg&#8220; background_position=&#8220;bottom_center&#8220; width=&#8220;95%&#8220; module_alignment=&#8220;center&#8220; custom_padding=&#8220;13%|0px|13%|0px|false|false&#8220; global_colors_info=&#8220;{}&#8220;][et_pb_row column_structure=&#8220;1_2,1_2&#8243; admin_label=&#8220;Subscription Row&#8220; _builder_version=&#8220;4.16&#8243; custom_padding=&#8220;|||&#8220; global_colors_info=&#8220;{}&#8220;][et_pb_column type=&#8220;1_2&#8243; _builder_version=&#8220;4.16&#8243; custom_padding=&#8220;|||&#8220; global_colors_info=&#8220;{}&#8220; custom_padding__hover=&#8220;|||&#8220;][\/et_pb_column][et_pb_column type=&#8220;1_2&#8243; _builder_version=&#8220;4.16&#8243; custom_padding=&#8220;|||&#8220; global_colors_info=&#8220;{}&#8220; custom_padding__hover=&#8220;|||&#8220;][et_pb_text _builder_version=&#8220;4.27.5&#8243; _module_preset=&#8220;default&#8220; text_font=&#8220;|600|||||||&#8220; text_text_color=&#8220;gcid-secondary-color&#8220; header_2_text_color=&#8220;gcid-secondary-color&#8220; text_orientation=&#8220;left&#8220; global_colors_info=&#8220;{%22gcid-secondary-color%22:%91%22text_text_color%22,%22header_2_text_color%22%93}&#8220;]<\/p>\n<h2>Interessiert?<\/h2>\n<p>Wir freuen uns auf Ihre Kontaktaufnahme \u00fcber die Direktwahl 071 949 01 02 oder via Mobile 079 410 44 89 oder auch mit einer Mail an manuela.bertschinger@immoraum.ch.<\/p>\n<p>[\/et_pb_text][et_pb_contact_form email=&#8220;manuela.bertschinger@immoraum.ch&#8220; success_message=&#8220;Vielen Dank f\u00fcr Ihre Nachricht. Ich melde mich in K\u00fcrze bei Ihnen.&#8220; submit_button_text=&#8220;Besichtigungstermin vereinbaren&#8220; _builder_version=&#8220;4.27.5&#8243; _module_preset=&#8220;default&#8220; _unique_id=&#8220;ed76f11a-92c0-4498-a5b4-571da218c379&#8243; custom_button=&#8220;on&#8220; button_text_size=&#8220;17px&#8220; button_text_color=&#8220;gcid-secondary-color&#8220; button_bg_color=&#8220;gcid-primary-color&#8220; button_border_width=&#8220;0px&#8220; button_border_color=&#8220;gcid-799ba204-57fc-4a22-bc52-cd8ce9af7284&#8243; button_border_radius=&#8220;0px&#8220; button_font=&#8220;|600|||||||&#8220; button_custom_padding=&#8220;||||false|false&#8220; global_colors_info=&#8220;{%22gcid-secondary-color%22:%91%22button_text_color%22%93,%22gcid-799ba204-57fc-4a22-bc52-cd8ce9af7284%22:%91%22button_border_color%22%93,%22gcid-primary-color%22:%91%22button_bg_color%22%93}&#8220;][et_pb_contact_field field_id=&#8220;Name&#8220; field_title=&#8220;Name&#8220; _builder_version=&#8220;4.16&#8243; global_colors_info=&#8220;{}&#8220; button_text_size__hover_enabled=&#8220;off&#8220; button_one_text_size__hover_enabled=&#8220;off&#8220; button_two_text_size__hover_enabled=&#8220;off&#8220; button_text_color__hover_enabled=&#8220;off&#8220; button_one_text_color__hover_enabled=&#8220;off&#8220; button_two_text_color__hover_enabled=&#8220;off&#8220; button_border_width__hover_enabled=&#8220;off&#8220; button_one_border_width__hover_enabled=&#8220;off&#8220; button_two_border_width__hover_enabled=&#8220;off&#8220; button_border_color__hover_enabled=&#8220;off&#8220; button_one_border_color__hover_enabled=&#8220;off&#8220; button_two_border_color__hover_enabled=&#8220;off&#8220; button_border_radius__hover_enabled=&#8220;off&#8220; button_one_border_radius__hover_enabled=&#8220;off&#8220; button_two_border_radius__hover_enabled=&#8220;off&#8220; button_letter_spacing__hover_enabled=&#8220;off&#8220; button_one_letter_spacing__hover_enabled=&#8220;off&#8220; button_two_letter_spacing__hover_enabled=&#8220;off&#8220; button_bg_color__hover_enabled=&#8220;off&#8220; button_one_bg_color__hover_enabled=&#8220;off&#8220; button_two_bg_color__hover_enabled=&#8220;off&#8220;][\/et_pb_contact_field][et_pb_contact_field field_id=&#8220;Email&#8220; field_title=&#8220;E-Mail-Adresse&#8220; field_type=&#8220;email&#8220; _builder_version=&#8220;4.16&#8243; global_colors_info=&#8220;{}&#8220; button_text_size__hover_enabled=&#8220;off&#8220; button_one_text_size__hover_enabled=&#8220;off&#8220; button_two_text_size__hover_enabled=&#8220;off&#8220; button_text_color__hover_enabled=&#8220;off&#8220; button_one_text_color__hover_enabled=&#8220;off&#8220; button_two_text_color__hover_enabled=&#8220;off&#8220; button_border_width__hover_enabled=&#8220;off&#8220; button_one_border_width__hover_enabled=&#8220;off&#8220; button_two_border_width__hover_enabled=&#8220;off&#8220; button_border_color__hover_enabled=&#8220;off&#8220; button_one_border_color__hover_enabled=&#8220;off&#8220; button_two_border_color__hover_enabled=&#8220;off&#8220; button_border_radius__hover_enabled=&#8220;off&#8220; button_one_border_radius__hover_enabled=&#8220;off&#8220; button_two_border_radius__hover_enabled=&#8220;off&#8220; button_letter_spacing__hover_enabled=&#8220;off&#8220; button_one_letter_spacing__hover_enabled=&#8220;off&#8220; button_two_letter_spacing__hover_enabled=&#8220;off&#8220; button_bg_color__hover_enabled=&#8220;off&#8220; button_one_bg_color__hover_enabled=&#8220;off&#8220; button_two_bg_color__hover_enabled=&#8220;off&#8220;][\/et_pb_contact_field][et_pb_contact_field field_id=&#8220;Message&#8220; field_title=&#8220;Nachricht&#8220; field_type=&#8220;text&#8220; fullwidth_field=&#8220;on&#8220; _builder_version=&#8220;4.16&#8243; global_colors_info=&#8220;{}&#8220; button_text_size__hover_enabled=&#8220;off&#8220; button_one_text_size__hover_enabled=&#8220;off&#8220; button_two_text_size__hover_enabled=&#8220;off&#8220; button_text_color__hover_enabled=&#8220;off&#8220; button_one_text_color__hover_enabled=&#8220;off&#8220; button_two_text_color__hover_enabled=&#8220;off&#8220; button_border_width__hover_enabled=&#8220;off&#8220; button_one_border_width__hover_enabled=&#8220;off&#8220; button_two_border_width__hover_enabled=&#8220;off&#8220; button_border_color__hover_enabled=&#8220;off&#8220; button_one_border_color__hover_enabled=&#8220;off&#8220; button_two_border_color__hover_enabled=&#8220;off&#8220; button_border_radius__hover_enabled=&#8220;off&#8220; button_one_border_radius__hover_enabled=&#8220;off&#8220; button_two_border_radius__hover_enabled=&#8220;off&#8220; button_letter_spacing__hover_enabled=&#8220;off&#8220; button_one_letter_spacing__hover_enabled=&#8220;off&#8220; button_two_letter_spacing__hover_enabled=&#8220;off&#8220; button_bg_color__hover_enabled=&#8220;off&#8220; button_one_bg_color__hover_enabled=&#8220;off&#8220; button_two_bg_color__hover_enabled=&#8220;off&#8220;][\/et_pb_contact_field][\/et_pb_contact_form][\/et_pb_column][\/et_pb_row][\/et_pb_section][et_pb_section fb_built=&#8220;1&#8243; _builder_version=&#8220;4.27.5&#8243; _module_preset=&#8220;default&#8220; background_color=&#8220;gcid-secondary-color&#8220; width=&#8220;95%&#8220; module_alignment=&#8220;center&#8220; custom_margin=&#8220;0px||0px||false|false&#8220; custom_padding=&#8220;0px||0px||false|false&#8220; global_colors_info=&#8220;{%22gcid-secondary-color%22:%91%22background_color%22%93}&#8220;][et_pb_row column_structure=&#8220;1_2,1_2&#8243; _builder_version=&#8220;4.27.5&#8243; _module_preset=&#8220;default&#8220; custom_margin=&#8220;2%||2%||true|false&#8220; custom_padding=&#8220;0px||0px||false|false&#8220; custom_css_main_element=&#8220;display: flex;||align-items: center;||justify-content: center;||height: 100%;||width: 100%;&#8220; global_colors_info=&#8220;{}&#8220;][et_pb_column type=&#8220;1_2&#8243; _builder_version=&#8220;4.27.4&#8243; _module_preset=&#8220;default&#8220; global_colors_info=&#8220;{}&#8220;][et_pb_text _builder_version=&#8220;4.27.5&#8243; _module_preset=&#8220;default&#8220; text_font=&#8220;|300|||||||&#8220; custom_css_main_element=&#8220;display: flex;||align-items: center;||justify-content: center;||height: 100%;||width: 100%;&#8220; global_colors_info=&#8220;{}&#8220;]<\/p>\n<p style=\"text-align: left;\">Impressum\u00a0 \u00a0Datenschutz<\/p>\n<p>[\/et_pb_text][\/et_pb_column][et_pb_column type=&#8220;1_2&#8243; _builder_version=&#8220;4.27.4&#8243; _module_preset=&#8220;default&#8220; global_colors_info=&#8220;{}&#8220;][et_pb_social_media_follow _builder_version=&#8220;4.27.5&#8243; _module_preset=&#8220;default&#8220; text_orientation=&#8220;right&#8220; custom_margin=&#8220;2%||0px||false|false&#8220; custom_padding=&#8220;2%||0px||false|false&#8220; global_colors_info=&#8220;{}&#8220;][et_pb_social_media_follow_network social_network=&#8220;facebook&#8220; _builder_version=&#8220;4.27.5&#8243; _module_preset=&#8220;default&#8220; background_color=&#8220;gcid-primary-color&#8220; background_enable_color=&#8220;on&#8220; global_colors_info=&#8220;{%22gcid-primary-color%22:%91%22background_color%22%93}&#8220; follow_button=&#8220;off&#8220; url_new_window=&#8220;on&#8220;]facebook[\/et_pb_social_media_follow_network][\/et_pb_social_media_follow][\/et_pb_column][\/et_pb_row][\/et_pb_section]<\/p>\n","protected":false},"excerpt":{"rendered":"<p>ST. GALLEN Mitten im Dreil\u00e4ndereck und Wirtschaftsstandort Ostschweiz&nbsp; In Dreil\u00e4ndereck Deutschland \u2013 \u00d6sterreich \u2013 Schweiz \u2013 liegt die Stadt St. Gallen. Sie gilt mit seinen knapp 80&#8217;0000 Einwohner:innen als Wirtschaftsmetropole der Ostschweiz. Die ausgezeichnete Infrastruktur, das breite Bildungs-, Kultur- und Freizeitangebot und vor allem das grossartige Arbeitsplatz-Angebot im Dienstleistungs- wie auch industriellen Sektor spricht eine [&hellip;]<\/p>\n","protected":false},"author":2,"featured_media":0,"parent":0,"menu_order":0,"comment_status":"closed","ping_status":"closed","template":"","meta":{"_et_pb_use_builder":"on","_et_pb_old_content":"","_et_gb_content_width":"","footnotes":""},"class_list":["post-123","page","type-page","status-publish","hentry"],"_links":{"self":[{"href":"https:\/\/wir-sind-kurt.ch\/index.php?rest_route=\/wp\/v2\/pages\/123","targetHints":{"allow":["GET"]}}],"collection":[{"href":"https:\/\/wir-sind-kurt.ch\/index.php?rest_route=\/wp\/v2\/pages"}],"about":[{"href":"https:\/\/wir-sind-kurt.ch\/index.php?rest_route=\/wp\/v2\/types\/page"}],"author":[{"embeddable":true,"href":"https:\/\/wir-sind-kurt.ch\/index.php?rest_route=\/wp\/v2\/users\/2"}],"replies":[{"embeddable":true,"href":"https:\/\/wir-sind-kurt.ch\/index.php?rest_route=%2Fwp%2Fv2%2Fcomments&post=123"}],"version-history":[{"count":30,"href":"https:\/\/wir-sind-kurt.ch\/index.php?rest_route=\/wp\/v2\/pages\/123\/revisions"}],"predecessor-version":[{"id":691,"href":"https:\/\/wir-sind-kurt.ch\/index.php?rest_route=\/wp\/v2\/pages\/123\/revisions\/691"}],"wp:attachment":[{"href":"https:\/\/wir-sind-kurt.ch\/index.php?rest_route=%2Fwp%2Fv2%2Fmedia&parent=123"}],"curies":[{"name":"wp","href":"https:\/\/api.w.org\/{rel}","templated":true}]}}