{"id":2,"date":"2025-05-15T13:59:05","date_gmt":"2025-05-15T13:59:05","guid":{"rendered":"https:\/\/wir-sind-kurt.ch\/?page_id=2"},"modified":"2025-07-23T11:46:42","modified_gmt":"2025-07-23T11:46:42","slug":"sample-page","status":"publish","type":"page","link":"https:\/\/wir-sind-kurt.ch\/","title":{"rendered":"WIR SIND KURT"},"content":{"rendered":"[et_pb_section admin_label=&#8220;section&#8220;]\n\t\t\t[et_pb_row admin_label=&#8220;row&#8220;]\n\t\t\t\t[et_pb_column type=&#8220;4_4&#8243;][et_pb_text admin_label=&#8220;Text&#8220;]\n<p class=\"is-style-text-subtitle\">Das j\u00fcngste Projekt im aufstrebenden, von Kanton und Stadt forcierten West-Areal, heisst&nbsp;<strong>KURT 12<\/strong> und&nbsp;befindet sich nach ausgereifter Planung in der Bauabschluss-Phase.<\/p>\n\n\n\n<p class=\"has-medium-font-size\">Die Realisation vom zweiten Gesch\u00e4ftshaus der Kr\u00e4mer Bau AG an dieser exzellenten Lage ist die&nbsp;<strong>Kombination <\/strong><strong>von nachhaltigem Bauen mit maximaler Nutzerflexibilit\u00e4t<\/strong>. Hier entstehen echte <strong>Arbeitslandschaften <\/strong>f\u00fcr Administration, Arztpraxen, Therapier\u00e4ume, Schulungsfl\u00e4chen, Showr\u00e4ume, Denk- und Entwicklungsmanufakturen. Das Erdgeschoss zeichnet sich zudem als exzellentes Verkaufslokal aus.&nbsp;Das bautechnische Konzept von&nbsp;<strong>KURT 12<\/strong> setzt unter anderem auf&nbsp;<strong>LowTech<\/strong> sowie auf die <strong>Reduktion <\/strong><strong>von CO2-Ausstoss und Energieverbrauch. Kurt 12<\/strong> tr\u00e4gt das <strong>Minergie P-Label<\/strong> f\u00fcr die h\u00f6chsten Anspr\u00fcche und bietet mit den verbauten LowTech L\u00f6sungen nachhaltig einfach zu unterhaltende Systeme, was sich in tiefen Nebenkosten f\u00fcr die Mieterschaft manifestiert.&nbsp;<strong>Freecooling<\/strong> ist ein weiterer Akt in die Zukunft! In unseren Mietfl\u00e4chen behalten Sie auch im Sommer einen k\u00fchlen Kopf. Dies ist den 21 neu gebohrten&nbsp;<strong>Erdsonden samt W\u00e4rmepumpe <\/strong>zu verdanken.<\/p>\n\n\n\n<p class=\"has-medium-font-size\">Um den <strong>Kreislauf der Nachhaltigkeit<\/strong> zu schliessen werden zudem <strong>drei PV-Anlagen<\/strong> auf beiden Geb\u00e4uded\u00e4chern sowie an der S\u00fcdfassade von Kurt 13 installiert. Sie werden einen beachtlichen Teil vom&nbsp;Strom produzieren. Auch die Ladestationen f\u00fcr<strong> E-Fahrzeuge<\/strong> in der Tiefgarage von unserem Natur-Strom gespiesen.<\/p>\n\n\n\n<p class=\"is-style-default has-medium-font-size\"><strong>Die Philiosophie der Eigent\u00fcmerin<\/strong> wird bereits gelebt:&nbsp;<strong>&#8222;Wir bauen und vertrauen auf Nachhaltigkeit in der Bauqualit\u00e4t wie auch in unseren Mietverh\u00e4ltnissen.&#8220;<\/strong><\/p>\n\n\n\n<figure class=\"wp-block-image size-large\"><img loading=\"lazy\" decoding=\"async\" width=\"1024\" height=\"576\" src=\"https:\/\/wir-sind-kurt.ch\/wp-content\/uploads\/2025\/05\/673bd49609f9796a9458773eb87dd7cc-1024x576.jpeg\" alt=\"\" class=\"wp-image-9\" srcset=\"https:\/\/wir-sind-kurt.ch\/wp-content\/uploads\/2025\/05\/673bd49609f9796a9458773eb87dd7cc-1024x576.jpeg 1024w, https:\/\/wir-sind-kurt.ch\/wp-content\/uploads\/2025\/05\/673bd49609f9796a9458773eb87dd7cc-300x169.jpeg 300w, https:\/\/wir-sind-kurt.ch\/wp-content\/uploads\/2025\/05\/673bd49609f9796a9458773eb87dd7cc-768x432.jpeg 768w, https:\/\/wir-sind-kurt.ch\/wp-content\/uploads\/2025\/05\/673bd49609f9796a9458773eb87dd7cc.jpeg 1300w\" sizes=\"(max-width: 1024px) 100vw, 1024px\" \/><\/figure>\n\n\n\n<p><\/p>\n\n\n\n<h2 class=\"wp-block-heading has-large-font-size\" style=\"line-height:1.5\">Wir heissen Sie heute bereits <strong>herzlich willkommen<\/strong> in der erfolgreichen, sympathischen <strong>KURT-Gemeinschaft<\/strong>.&nbsp;Wir \u00f6ffnen Ihnen gerne T\u00fcr und Tor von KURT 13 und neu auch von <strong>KURT 12, unserem j\u00fcngsten <\/strong><strong>Projekt<\/strong>!<\/h2>\n\n\n\n<p>Wir freuen uns auf Ihre Kontaktaufnahme \u00fcber die\u00a0<br><strong>Direktwahl <a href=\"tel:0719490102\">071 949 01 02<\/a><\/strong> oder\u00a0mit einer Mail an <strong><a href=\"mailto: manuela.bertschinger@immoraum.ch\">manuela.bertschinger@immoraum.ch<\/a><\/strong><a href=\"mailto: 071 949 01 02\">.<\/a><\/p>\n\n\n\n<p><\/p>\n[\/et_pb_text][\/et_pb_column]\n\t\t\t[\/et_pb_row]\n\t\t[\/et_pb_section]","protected":false},"excerpt":{"rendered":"<p>Das j\u00fcngste Projekt im aufstrebenden, von Kanton und Stadt forcierten West-Areal, heisst&nbsp;KURT 12 und&nbsp;befindet sich nach ausgereifter Planung in der Bauabschluss-Phase. Die Realisation vom zweiten Gesch\u00e4ftshaus der Kr\u00e4mer Bau AG an dieser exzellenten Lage ist die&nbsp;Kombination von nachhaltigem Bauen mit maximaler Nutzerflexibilit\u00e4t. Hier entstehen echte Arbeitslandschaften f\u00fcr Administration, Arztpraxen, Therapier\u00e4ume, Schulungsfl\u00e4chen, Showr\u00e4ume, Denk- und Entwicklungsmanufakturen. [&hellip;]<\/p>\n","protected":false},"author":2,"featured_media":0,"parent":0,"menu_order":0,"comment_status":"closed","ping_status":"closed","template":"","meta":{"_et_pb_use_builder":"on","_et_pb_old_content":"<!-- wp:paragraph {\"className\":\"is-style-text-subtitle\"} -->\n<p class=\"is-style-text-subtitle\">Das j\u00fcngste Projekt im aufstrebenden, von Kanton und Stadt forcierten West-Areal, heisst&nbsp;<strong>KURT 12<\/strong> und&nbsp;befindet sich nach ausgereifter Planung in der Bauabschluss-Phase.<\/p>\n<!-- \/wp:paragraph -->\n\n<!-- wp:paragraph {\"fontSize\":\"medium\"} -->\n<p class=\"has-medium-font-size\">Die Realisation vom zweiten Gesch\u00e4ftshaus der Kr\u00e4mer Bau AG an dieser exzellenten Lage ist die&nbsp;<strong>Kombination <\/strong><strong>von nachhaltigem Bauen mit maximaler Nutzerflexibilit\u00e4t<\/strong>. Hier entstehen echte <strong>Arbeitslandschaften <\/strong>f\u00fcr Administration, Arztpraxen, Therapier\u00e4ume, Schulungsfl\u00e4chen, Showr\u00e4ume, Denk- und Entwicklungsmanufakturen. Das Erdgeschoss zeichnet sich zudem als exzellentes Verkaufslokal aus.&nbsp;Das bautechnische Konzept von&nbsp;<strong>KURT 12<\/strong> setzt unter anderem auf&nbsp;<strong>LowTech<\/strong> sowie auf die <strong>Reduktion <\/strong><strong>von CO2-Ausstoss und Energieverbrauch. Kurt 12<\/strong> tr\u00e4gt das <strong>Minergie P-Label<\/strong> f\u00fcr die h\u00f6chsten Anspr\u00fcche und bietet mit den verbauten LowTech L\u00f6sungen nachhaltig einfach zu unterhaltende Systeme, was sich in tiefen Nebenkosten f\u00fcr die Mieterschaft manifestiert.&nbsp;<strong>Freecooling<\/strong> ist ein weiterer Akt in die Zukunft! In unseren Mietfl\u00e4chen behalten Sie auch im Sommer einen k\u00fchlen Kopf. Dies ist den 21 neu gebohrten&nbsp;<strong>Erdsonden samt W\u00e4rmepumpe <\/strong>zu verdanken.<\/p>\n<!-- \/wp:paragraph -->\n\n<!-- wp:paragraph {\"fontSize\":\"medium\"} -->\n<p class=\"has-medium-font-size\">Um den <strong>Kreislauf der Nachhaltigkeit<\/strong> zu schliessen werden zudem <strong>drei PV-Anlagen<\/strong> auf beiden Geb\u00e4uded\u00e4chern sowie an der S\u00fcdfassade von Kurt 13 installiert. Sie werden einen beachtlichen Teil vom&nbsp;Strom produzieren. Auch die Ladestationen f\u00fcr<strong> E-Fahrzeuge<\/strong> in der Tiefgarage von unserem Natur-Strom gespiesen.<\/p>\n<!-- \/wp:paragraph -->\n\n<!-- wp:paragraph {\"className\":\"is-style-default\",\"fontSize\":\"medium\"} -->\n<p class=\"is-style-default has-medium-font-size\"><strong>Die Philiosophie der Eigent\u00fcmerin<\/strong> wird bereits gelebt:&nbsp;<strong>\"Wir bauen und vertrauen auf Nachhaltigkeit in der Bauqualit\u00e4t wie auch in unseren Mietverh\u00e4ltnissen.\"<\/strong><\/p>\n<!-- \/wp:paragraph -->\n\n<!-- wp:image {\"id\":9,\"sizeSlug\":\"large\",\"linkDestination\":\"none\"} -->\n<figure class=\"wp-block-image size-large\"><img src=\"https:\/\/wir-sind-kurt.ch\/wp-content\/uploads\/2025\/05\/673bd49609f9796a9458773eb87dd7cc-1024x576.jpeg\" alt=\"\" class=\"wp-image-9\"\/><\/figure>\n<!-- \/wp:image -->\n\n<!-- wp:paragraph -->\n<p><\/p>\n<!-- \/wp:paragraph -->\n\n<!-- wp:heading {\"style\":{\"typography\":{\"lineHeight\":\"1.5\"}},\"fontSize\":\"large\"} -->\n<h2 class=\"wp-block-heading has-large-font-size\" style=\"line-height:1.5\">Wir heissen Sie heute bereits <strong>herzlich willkommen<\/strong> in der erfolgreichen, sympathischen <strong>KURT-Gemeinschaft<\/strong>.&nbsp;Wir \u00f6ffnen Ihnen gerne T\u00fcr und Tor von KURT 13 und neu auch von <strong>KURT 12, unserem j\u00fcngsten <\/strong><strong>Projekt<\/strong>!<\/h2>\n<!-- \/wp:heading -->\n\n<!-- wp:paragraph -->\n<p>Wir freuen uns auf Ihre Kontaktaufnahme \u00fcber die\u00a0<br><strong>Direktwahl <a href=\"tel:0719490102\">071 949 01 02<\/a><\/strong> oder\u00a0mit einer Mail an <strong><a href=\"mailto: manuela.bertschinger@immoraum.ch\">manuela.bertschinger@immoraum.ch<\/a><\/strong><a href=\"mailto: 071 949 01 02\">.<\/a><\/p>\n<!-- \/wp:paragraph -->\n\n<!-- wp:paragraph -->\n<p><\/p>\n<!-- \/wp:paragraph -->","_et_gb_content_width":"","footnotes":""},"class_list":["post-2","page","type-page","status-publish","hentry"],"_links":{"self":[{"href":"https:\/\/wir-sind-kurt.ch\/index.php?rest_route=\/wp\/v2\/pages\/2","targetHints":{"allow":["GET"]}}],"collection":[{"href":"https:\/\/wir-sind-kurt.ch\/index.php?rest_route=\/wp\/v2\/pages"}],"about":[{"href":"https:\/\/wir-sind-kurt.ch\/index.php?rest_route=\/wp\/v2\/types\/page"}],"author":[{"embeddable":true,"href":"https:\/\/wir-sind-kurt.ch\/index.php?rest_route=\/wp\/v2\/users\/2"}],"replies":[{"embeddable":true,"href":"https:\/\/wir-sind-kurt.ch\/index.php?rest_route=%2Fwp%2Fv2%2Fcomments&post=2"}],"version-history":[{"count":4,"href":"https:\/\/wir-sind-kurt.ch\/index.php?rest_route=\/wp\/v2\/pages\/2\/revisions"}],"predecessor-version":[{"id":225,"href":"https:\/\/wir-sind-kurt.ch\/index.php?rest_route=\/wp\/v2\/pages\/2\/revisions\/225"}],"wp:attachment":[{"href":"https:\/\/wir-sind-kurt.ch\/index.php?rest_route=%2Fwp%2Fv2%2Fmedia&parent=2"}],"curies":[{"name":"wp","href":"https:\/\/api.w.org\/{rel}","templated":true}]}}